{"id":10022,"date":"2020-11-11T14:31:47","date_gmt":"2020-11-11T14:31:47","guid":{"rendered":"https:\/\/www.mv-papenburg.de\/?page_id=10022"},"modified":"2020-11-11T14:31:47","modified_gmt":"2020-11-11T14:31:47","slug":"adventskalender","status":"publish","type":"page","link":"https:\/\/mv-papenburg.de\/?page_id=10022","title":{"rendered":"Adventskalender"},"content":{"rendered":"\n<p><strong><em>Genie\u00dfen Sie jeden Tag im Advent ein neues Weihnachtsst\u00fcck, indem Sie einfach auf die farbigen T\u00fcrchen klicken. Viel Vergn\u00fcgen!<\/em><\/strong><\/p>\n\n\n<p>[adventcalendar calendar=&#8220;test&#8220;]<\/p>\n","protected":false},"excerpt":{"rendered":"<p>Genie\u00dfen Sie jeden Tag im Advent ein neues Weihnachtsst\u00fcck, indem Sie einfach auf die farbigen T\u00fcrchen klicken. Viel Vergn\u00fcgen!<\/p>\n","protected":false},"author":2,"featured_media":0,"parent":0,"menu_order":0,"comment_status":"closed","ping_status":"closed","template":"","meta":{"footnotes":""},"class_list":["post-10022","page","type-page","status-publish","hentry"],"_links":{"self":[{"href":"https:\/\/mv-papenburg.de\/index.php?rest_route=\/wp\/v2\/pages\/10022","targetHints":{"allow":["GET"]}}],"collection":[{"href":"https:\/\/mv-papenburg.de\/index.php?rest_route=\/wp\/v2\/pages"}],"about":[{"href":"https:\/\/mv-papenburg.de\/index.php?rest_route=\/wp\/v2\/types\/page"}],"author":[{"embeddable":true,"href":"https:\/\/mv-papenburg.de\/index.php?rest_route=\/wp\/v2\/users\/2"}],"replies":[{"embeddable":true,"href":"https:\/\/mv-papenburg.de\/index.php?rest_route=%2Fwp%2Fv2%2Fcomments&post=10022"}],"version-history":[{"count":0,"href":"https:\/\/mv-papenburg.de\/index.php?rest_route=\/wp\/v2\/pages\/10022\/revisions"}],"wp:attachment":[{"href":"https:\/\/mv-papenburg.de\/index.php?rest_route=%2Fwp%2Fv2%2Fmedia&parent=10022"}],"curies":[{"name":"wp","href":"https:\/\/api.w.org\/{rel}","templated":true}]}}