{"id":10158,"date":"2015-07-04T20:35:06","date_gmt":"2015-07-04T20:35:06","guid":{"rendered":"http:\/\/new.mv-papenburg.de\/?page_id=47"},"modified":"2015-07-04T20:35:06","modified_gmt":"2015-07-04T20:35:06","slug":"chronik-des-musikvereins-papenburg-von-1996-e-v","status":"publish","type":"page","link":"https:\/\/mv-papenburg.de\/?page_id=10158","title":{"rendered":"Chronik des Musikvereins Papenburg von 1996 e.V."},"content":{"rendered":"<p>Der Musikverein Papenburg wurde am Freitag, 18. Oktober 1996 gegr\u00fcndet. In der Gr\u00fcndungsveranstaltung in der Gastst\u00e4tte \u201eZur Waldlust\u201c in Papenburg \u00fcbernahm Rainer Pruin den Posten des 1. Vorsitzenden. Neben ihm vervollst\u00e4ndigten Dr. Claus A\u00dfmus, G\u00fcnter Ruppel, Elvira A\u00dfmus und Ruth Romeik-Pruin den Vorstand des neuen Vereins.<\/p>\n<p>Bereits bei der Gr\u00fcndung konnte der Musikverein 47 Mitglieder z\u00e4hlen. 14 von diesen waren zu der Zeit passive Mitglieder oder F\u00f6rderer. Die weiteren 33 Mitglieder waren aktive Musiker, die unter der Leitung des Dirigenten Constantin Chepa nun in einem neuen Verein Musik machen konnten. \u00dcberwiegender Teil der Musiker waren Jugendliche, die bislang das Blasorchester des TV Papenburgs bildeten.<\/p>\n<p>Ziel des Musikvereins ist es, die Blasmusik auf breiter Grundlage zu f\u00f6rdern.&nbsp; Deswegen gab es zur Gr\u00fcndungszeit vier unterschiedliche Formationen: Zum einen das Blasorchester SSO, welches symphonische und konzertante Musik pr\u00e4sentierte. Mit Stimmungsmusik gl\u00e4nzten die Moorjodler, im Genre Swing, Jazz und Rock war die Big Band \u201eMezzoforte\u201c beheimatet. Dar\u00fcber hinaus gab es noch ein klassisches Quintett namens \u201eNostra Musica\u201c. Prober\u00e4ume waren damals in den Kirchenr\u00e4umen der St. Josef Gemeinde im Vosseberg, in der Waldlust und in der Musikschule Intermezzo.<\/p>\n<p>[Best_Wordpress_Gallery id=&#8220;1&#8243; gal_title=&#8220;erster Auftritt Bielefeld&#8220;]<\/p>\n<p>Der erste Auftritt des neu gegr\u00fcndeten Vereins war nicht in der Heimatstadt&nbsp; Papenburg, sondern im rund 200 Kilometer entfernten Bielefeld. Anlass dieses historischen Ereignisses im Oktober 1996 war die \u201eBayrische Nacht\u201c in der Gastst\u00e4tte \u201eSchlachthof Mersmann\u201c.<\/p>\n<p>Neben der schon fast zur Routine gewordenen Probearbeit, lie\u00df es sich der Musikverein nicht nehmen, auch andere Projekte anzusto\u00dfen. Herausgegriffen sei dabei das Musical \u201eEin Ende ohne Musik oder Musik ohne Ende\u201c. Dieses wurde im M\u00e4rz 1997 im Rahmen des Kreativwettbewerbs \u201eNo hope in Dope\u201c von Joe Wittrock vom Musikverein Papenburg selbstgeschrieben, inszeniert und letztendlich vor dem begeisterten Publikum aufgef\u00fchrt.<\/p>\n<p>Im gleichen Jahr pr\u00e4sentiert der Musikverein auf der Jahreshauptversammlung am 21. November sein neues Vereinslogo. Der Entwurf von Marc Huse ist noch heute Teil des Musikvereins. Ebenfalls 1997 begannen die Musiker mit einer Tradition, die auch noch heute j\u00e4hrlich wiederholt wird: Dem Spielen weihnachtlicher Kl\u00e4nge nach der Christ-Mette an Heilig Abend vom Rathausbalkon.<\/p>\n<p>Der Musikverein w\u00e4chst in den n\u00e4chsten Jahren z\u00fcgig weiter. Im M\u00e4rz 1998 gibt der damalige Papenburger B\u00fcrgermeister Ulriche Nehe bekannt, 100. Mitglied des Vereins zu werden. Bis zum heutigen Tag ist er immer noch Mitglied, seit Oktober 2006 sogar Ehrenmitglied.<\/p>\n<p>Mit den Vorstandswahlen 1999 beginnt die \u00c4ra von Hans Koop. Als Vorsitzender des Musikvereins f\u00fchrt er zehn Jahre lang die Aufgaben und erwies dem Verein gro\u00dfe Dienste. Ohne seine Hilfe w\u00e4re es z.B. nicht m\u00f6glich gewesen, den Bau eines eigenen Vereinsraumes in der Musikschule Intermezzo voranzutreiben. Seit Mitte 2000 konnte der Musikverein sich w\u00f6chentlich dort treffen. Neu dabei war nun auch das Jugendblasorchester unter der Leitung von Sven Koop. Hier sollten junge Nachwuchsmusiker langsam an das Orchesterleben und \u2013arbeiten herangef\u00fchrt werden.<\/p>\n<p>Das f\u00fcnfj\u00e4hrige Bestehen im November 2001 feierte man in der Vosseberg-Kirche mit einem kleinen Jubil\u00e4umskonzert.<\/p>\n<p>Neben dem SSO und JBO&nbsp; sollte im Januar 2002 auch noch ein vokaler Bereich in den Verein eingegliedert werden: Der Chor Madrigal komplettierte die musikalische Bandbreite des Vereins.<\/p>\n<p>F\u00fcr reichlich Aufmerksamkeit sorgte im Juni 2004 das JBO. Mit dem ersten Platz bei dem Internationalen Blasmusikfestival in Bad Zwischenahn zeigte sich das musikalische Talent der Nachwuchsmusiker. In der Kategorie Jugendorchester konnte sich das Papenburger JBO gegen 18 internationale Musikergruppen durchsetzen.&nbsp; Und auch der Chor konnte gro\u00dfe Erfolge feiern: So pr\u00e4sentierten die S\u00e4ngerinnen und S\u00e4nger ihr K\u00f6nnen vor mehr als 800 Zuschauern beim Blauen Ball in Hamburg im M\u00e4rz 2005.<\/p>\n<p>Nach diesen Erfolgsmeldungen&nbsp; kam es im Jahre 2006 zu einem Umbruch innerhalb des Orchesters. Zum zehnj\u00e4hrigen Jubil\u00e4um des Vereins spielten alle Gruppen ein fantastisches Konzert im Forum Alte Werft in Papenburg. W\u00e4hrend des Konzertes gibt der Dirigent des SSO, Constantin Chepa, bekannt, dass er zum Ende des Jahres als musikalischer Leiter zur\u00fccktreten werde. Sein letztes Konzert wird er am 10. Dezember 2006 in der Aschendorfer Amanduskirche geben. Neuer Dirigent wird der bisherige Leiter des JBOs, Sven Koop. Er \u00fcbernimmt nun beide Orchester. Chepa wird wegen seiner Verdienste f\u00fcr den Verein zum Ehrendirigenten ernannt.<\/p>\n<p>Eine Ehrung kam Anfang 2009 auch Hans Koop zuteil:<\/p>\n<p>[Best_Wordpress_Gallery id=&#8220;3&#8243; gal_title=&#8220;Vorstandswechsel&#8220;]<\/p>\n<p>Der langj\u00e4hrige Vorsitzende gibt sein Amt nach zehn Jahren ab. Sein Nachfolger wird Hans Hermann Robben. F\u00fcr sein Engagement und seine Leistungen f\u00fcr den Verein verleihen die Mitglieder Hans Koop den Titel des Ehrenvorsitzenden.<\/p>\n<p>[Best_Wordpress_Gallery id=&#8220;2&#8243; gal_title=&#8220;2011 Jubil\u00e4um 15 Jahre&#8220;]<\/p>\n<p>F\u00fcr das 15-j\u00e4hrige Bestehen des Vereins gab es am 18. Juni 2011 ein riesiges Spektakel. Alle befreundeten Orchester aus Waldaschaff, Oldenburg, Weener, Scharrel und aus dem niederl\u00e4ndischen Eindthoven kamen nach Papenburg, um mit uns Musik zu machen. H\u00f6hepunkt war, neben der abendlichen Feier, das gemeinsame Musizieren aller Gruppen am Nachmittag in der Stadt. Die insgesamt 180 Musiker spielten unter der Leitung von Sven Koop vor den begeisterten Zuschauern trotz des schlechten Wetters.<\/p>\n<p>F\u00fcr das JBO war nach 13 Jahren leider keine M\u00f6glichkeit mehr, es aufrecht zu erhalten. Kaum Nachwuchs machte es unm\u00f6glich, ein eigenes Jugendorchester zu halten. So wurde es in das bestehende SSO integriert. Den letzten Auftritt hatte das JBO Ostern 2013.<\/p>\n<p>[Best_Wordpress_Gallery id=&#8220;4&#8243; gal_title=&#8220;Probenraum&#8220;]<\/p>\n<p>Im Sommer <strong>2014<\/strong> stand dann eine weitere umfassende \u00c4nderung f\u00fcr den Musikverein an: Nach vielen Jahren, in denen wir in den R\u00e4umen der Musikschule Intermezzo proben konnten, mussten wir uns nach einer neuen M\u00f6glichkeit umschauen. Unsere Suche endete schlie\u00dflich beim Forum Bethlehem. Hier haben wir nun einen neuen Proberaum und proben ab sofort immer freitagsabends von 19 bis 21 Uhr in den R\u00e4umen des Forums.<\/p>\n<p>Die Vereinsf\u00fchrung \u00fcbergab Hans Hermann Robben an Sabine Ruppel, die in der Jahreshauptversammlung 2014 gew\u00e4hlt wurde.In diesem Jahr folgten zuzs\u00e4tzlich Auftritte bei der Landesgartenschau und der Veranstaltung \u201eFreunde des Gut Altenkamp\u201c.&nbsp; Die \u201eCold Water Challenge\u201c wurde als lustiges Ereignis auch nicht ausgelassen.<\/p>\n<p>Der Chor Madrigal pr\u00e4sentierte sich auch auf der Landesgartenschau.<br \/>\nIm September kam der stimmgewaltige Solinger Posaunenchor zum gemeinsamen Konzert in der Aula des Gymnasiums Papenburg zu Besuch.<\/p>\n<p>Erstmals wurden nach der Christmette in der St. Antoniuskirche die festlichen Blechbl\u00e4serkl\u00e4nge nicht vom Rathausbalkon, sondern von den Balkonen des Arkadenhauses gespielt. Ulli Nehe (Mitglied des Musikvereins) lobte im Rahmen einer Jahreshauptversammlung das Engagement der Musiker und hielt es nicht f\u00fcr selbstverst\u00e4ndlich, dass dieser Auftritt zu so sp\u00e4ter Stunde noch zu einer allj\u00e4hrlichen Verpflichtung geworden ist<\/p>\n<p>&nbsp;<\/p>\n","protected":false},"excerpt":{"rendered":"<p>Der Musikverein Papenburg wurde am Freitag, 18. Oktober 1996 gegr\u00fcndet. In der Gr\u00fcndungsveranstaltung in der Gastst\u00e4tte \u201eZur Waldlust\u201c in Papenburg \u00fcbernahm Rainer Pruin den Posten des 1. Vorsitzenden. Neben ihm vervollst\u00e4ndigten Dr. Claus A\u00dfmus, G\u00fcnter Ruppel, Elvira A\u00dfmus und Ruth Romeik-Pruin den Vorstand des neuen Vereins. Bereits bei der Gr\u00fcndung konnte der Musikverein 47 Mitglieder &hellip; <\/p>\n<p class=\"link-more\"><a href=\"https:\/\/mv-papenburg.de\/?page_id=10158\" class=\"more-link\"><span class=\"screen-reader-text\">\u201eChronik des Musikvereins Papenburg von 1996 e.V.\u201c<\/span> weiterlesen<\/a><\/p>\n","protected":false},"author":2,"featured_media":0,"parent":0,"menu_order":0,"comment_status":"closed","ping_status":"open","template":"","meta":{"footnotes":""},"class_list":["post-10158","page","type-page","status-publish","hentry"],"_links":{"self":[{"href":"https:\/\/mv-papenburg.de\/index.php?rest_route=\/wp\/v2\/pages\/10158","targetHints":{"allow":["GET"]}}],"collection":[{"href":"https:\/\/mv-papenburg.de\/index.php?rest_route=\/wp\/v2\/pages"}],"about":[{"href":"https:\/\/mv-papenburg.de\/index.php?rest_route=\/wp\/v2\/types\/page"}],"author":[{"embeddable":true,"href":"https:\/\/mv-papenburg.de\/index.php?rest_route=\/wp\/v2\/users\/2"}],"replies":[{"embeddable":true,"href":"https:\/\/mv-papenburg.de\/index.php?rest_route=%2Fwp%2Fv2%2Fcomments&post=10158"}],"version-history":[{"count":0,"href":"https:\/\/mv-papenburg.de\/index.php?rest_route=\/wp\/v2\/pages\/10158\/revisions"}],"wp:attachment":[{"href":"https:\/\/mv-papenburg.de\/index.php?rest_route=%2Fwp%2Fv2%2Fmedia&parent=10158"}],"curies":[{"name":"wp","href":"https:\/\/api.w.org\/{rel}","templated":true}]}}