{"id":10159,"date":"2015-07-04T20:45:42","date_gmt":"2015-07-04T20:45:42","guid":{"rendered":"http:\/\/new.mv-papenburg.de\/?page_id=52"},"modified":"2026-01-04T19:12:16","modified_gmt":"2026-01-04T19:12:16","slug":"der-vorstand","status":"publish","type":"page","link":"https:\/\/mv-papenburg.de\/?page_id=10159","title":{"rendered":"Der Vorstand"},"content":{"rendered":"\r\n<div class=\"row\">\r\n<figure><!--img src=\"https:\/\/mv-papenburg.de\/wp-content\/uploads\/2020\/12\/Sven.jpg\" width=\"165\" height=\"226\" \/-->\r\n<figcaption>1. Vorsitzende <br \/>Sonja R\u00f6ntzsch<br \/><br \/>\r\n<\/figure>\r\n<\/div>\r\n\r\n<div class=\"row\">\r\n<figure><!--img src=\"https:\/\/mv-papenburg.de\/wp-content\/uploads\/2020\/12\/Sven.jpg\" width=\"165\" height=\"226\" \/-->\r\n<figcaption>1. Stellvertreterin <br \/>Monika Schendzielorz<br \/><br \/>\r\n<\/figure>\r\n<\/div>\r\n\r\n<div class=\"row\">\r\n<figure><!--img src=\"https:\/\/mv-papenburg.de\/wp-content\/uploads\/2020\/12\/Sven.jpg\" width=\"165\" height=\"226\" \/-->\r\n<figcaption>2. Stellvertreter <br \/>Christian Koop<br \/><br \/>\r\n<\/figure>\r\n<\/div>\r\n\r\n<div class=\"row\">\r\n<figure><!--img src=\"https:\/\/mv-papenburg.de\/wp-content\/uploads\/2020\/12\/Sven.jpg\" width=\"165\" height=\"226\" \/-->\r\n<figcaption>Kassenwart <br \/>Peter Leipe<br \/><br \/>\r\n<\/figure>\r\n<\/div>\r\n\r\n<div class=\"row\">\r\n<figure><!--img src=\"https:\/\/mv-papenburg.de\/wp-content\/uploads\/2020\/12\/Sven.jpg\" width=\"165\" height=\"226\" \/-->\r\n<figcaption>Schriftf\u00fchrerin <br \/>Lea Scheper<br \/><br \/>\r\n<\/figure>\r\n<\/div>\r\n\r\n<div class=\"row\">\r\n<figure><!--img src=\"https:\/\/mv-papenburg.de\/wp-content\/uploads\/2020\/12\/Sven.jpg\" width=\"165\" height=\"226\" \/-->\r\n<figcaption>Dirigent <br \/>Beisitzer des Vostands <br \/>Sven Koop<br \/><br \/>\r\n<\/figure>\r\n<\/div\r\n\r\n\r\n<p>&nbsp;<\/p>\r\n<p>&nbsp;<\/p>\r\n<p>Der Vorstand setzt sich momentan aus f\u00fcnf festen Mitgliedern zusammen. Unter dem Vorsitz von Sonja R\u00f6ntzsch, die seit Februar 2022 den Verein leitet, trifft sich der Vorstand monatlich, um alle wichtigen Details im Vereinsleben zu besprechen. Ebenfalls im Vorstand ist Monika Schendzierlorz. Sie wurde im Februar 2022 zur ersten Stellvertreterin gew\u00e4hlt. Zum zweiten Stellvertreter wurde bereits im Januar 2020 Christian Koop gew\u00e4hlt. Den Blick \u00fcber die Finanzen hat nun seit 2025 der Kassenwart Peter Leipe. Als Schriftf\u00fchrer komplettiert Lea Scheper seit Januar 2022 den Vorstand.\u00a0 Ebenfalls als Beisitzer ist der Vereinsdirigent Sven Koop bei den Vorstandssitzungen dabei.<\/p>\r\n<p>Die Aufgaben des Vorstandes sind recht vielf\u00e4ltig: So befasst sich der Vorstand mit der Mitgliederbewerbung, mit der Organisation von Konzerten und Veranstaltungen, aber auch mit Probleme im Verein oder bei Mitgliedern. Auch Ideen, wie man den Verein verbessern k\u00f6nnte, werden zuerst im Vorstand diskutiert.<\/p>\r\n<p>Laut Satzung werden die Mitglieder des Vorstandes durch die j\u00e4hrlich stattfindende Jahreshauptversammlung von allen Mitgliedern des Musikvereins Papenburgs gew\u00e4hlt. Eine Amtszeit dauert drei Jahre.<\/p>\r\n<p class=\"wp-caption-dd\">F\u00fcr weitere Informationen rund um die Vorstandsarbeit oder einzelne Mitglieder melden Sie sich sehr gerne, z.B <a href=\"http:\/\/mv-papenburg.de\/mailto:info\">per Email<\/a><\/p>\r\n\r\n\r\n\r\n<p>&nbsp;<\/p>\r\n\r\n<p>&nbsp;<\/p>","protected":false},"excerpt":{"rendered":"<p>1. Vorsitzende Sonja R\u00f6ntzsch 1. Stellvertreterin Monika Schendzielorz 2. Stellvertreter Christian Koop Kassenwart Peter Leipe Schriftf\u00fchrerin Lea Scheper Dirigent Beisitzer des Vostands Sven Koop<\/p>\n","protected":false},"author":2,"featured_media":0,"parent":0,"menu_order":0,"comment_status":"closed","ping_status":"open","template":"","meta":{"footnotes":""},"class_list":["post-10159","page","type-page","status-publish","hentry"],"_links":{"self":[{"href":"https:\/\/mv-papenburg.de\/index.php?rest_route=\/wp\/v2\/pages\/10159","targetHints":{"allow":["GET"]}}],"collection":[{"href":"https:\/\/mv-papenburg.de\/index.php?rest_route=\/wp\/v2\/pages"}],"about":[{"href":"https:\/\/mv-papenburg.de\/index.php?rest_route=\/wp\/v2\/types\/page"}],"author":[{"embeddable":true,"href":"https:\/\/mv-papenburg.de\/index.php?rest_route=\/wp\/v2\/users\/2"}],"replies":[{"embeddable":true,"href":"https:\/\/mv-papenburg.de\/index.php?rest_route=%2Fwp%2Fv2%2Fcomments&post=10159"}],"version-history":[{"count":38,"href":"https:\/\/mv-papenburg.de\/index.php?rest_route=\/wp\/v2\/pages\/10159\/revisions"}],"predecessor-version":[{"id":27426,"href":"https:\/\/mv-papenburg.de\/index.php?rest_route=\/wp\/v2\/pages\/10159\/revisions\/27426"}],"wp:attachment":[{"href":"https:\/\/mv-papenburg.de\/index.php?rest_route=%2Fwp%2Fv2%2Fmedia&parent=10159"}],"curies":[{"name":"wp","href":"https:\/\/api.w.org\/{rel}","templated":true}]}}