{"id":10160,"date":"2015-07-04T20:48:46","date_gmt":"2015-07-04T20:48:46","guid":{"rendered":"http:\/\/new.mv-papenburg.de\/?page_id=58"},"modified":"2026-03-28T22:46:32","modified_gmt":"2026-03-28T22:46:32","slug":"symphonic-sound-orchestra","status":"publish","type":"page","link":"https:\/\/mv-papenburg.de\/?page_id=10160","title":{"rendered":"Symphonic Sound Orchestra"},"content":{"rendered":"<p><img loading=\"lazy\" decoding=\"async\" class=\"size-large wp-image-60\" src=\"https:\/\/mv-papenburg.de\/wp-content\/uploads\/2026\/03\/cropped-024_Konzert-Vosseberger-Kirche-2025.jpg\" alt=\"\" width=\"1024\" height=\"768\" \/><\/p>\n<p>Das Herz des Vereins ist das <strong>Symphonic Sound Orchestra <\/strong>(SSO). Zurzeit z\u00e4hlt dieses aktuell ca. 22 aktive Musiker, die sich jeden Freitagabend um 19.30 Uhr\u00a0 im Forum Bethlehem treffen, um unter der musikalischen Leitung von Sven Koop zu proben. Auf dem Programm stehen dabei St\u00fccke verschiedener Genre, wie Filmmusik, M\u00e4rsche oder klassische Orchesterst\u00fccke.<\/p>\n","protected":false},"excerpt":{"rendered":"<p>Das Herz des Vereins ist das Symphonic Sound Orchestra (SSO). Zurzeit z\u00e4hlt dieses aktuell ca. 22 aktive Musiker, die sich jeden Freitagabend um 19.30 Uhr\u00a0 im Forum Bethlehem treffen, um unter der musikalischen Leitung von Sven Koop zu proben. Auf dem Programm stehen dabei St\u00fccke verschiedener Genre, wie Filmmusik, M\u00e4rsche oder klassische Orchesterst\u00fccke.<\/p>\n","protected":false},"author":2,"featured_media":0,"parent":0,"menu_order":0,"comment_status":"closed","ping_status":"open","template":"","meta":{"footnotes":""},"class_list":["post-10160","page","type-page","status-publish","hentry"],"_links":{"self":[{"href":"https:\/\/mv-papenburg.de\/index.php?rest_route=\/wp\/v2\/pages\/10160","targetHints":{"allow":["GET"]}}],"collection":[{"href":"https:\/\/mv-papenburg.de\/index.php?rest_route=\/wp\/v2\/pages"}],"about":[{"href":"https:\/\/mv-papenburg.de\/index.php?rest_route=\/wp\/v2\/types\/page"}],"author":[{"embeddable":true,"href":"https:\/\/mv-papenburg.de\/index.php?rest_route=\/wp\/v2\/users\/2"}],"replies":[{"embeddable":true,"href":"https:\/\/mv-papenburg.de\/index.php?rest_route=%2Fwp%2Fv2%2Fcomments&post=10160"}],"version-history":[{"count":1,"href":"https:\/\/mv-papenburg.de\/index.php?rest_route=\/wp\/v2\/pages\/10160\/revisions"}],"predecessor-version":[{"id":27461,"href":"https:\/\/mv-papenburg.de\/index.php?rest_route=\/wp\/v2\/pages\/10160\/revisions\/27461"}],"wp:attachment":[{"href":"https:\/\/mv-papenburg.de\/index.php?rest_route=%2Fwp%2Fv2%2Fmedia&parent=10160"}],"curies":[{"name":"wp","href":"https:\/\/api.w.org\/{rel}","templated":true}]}}