{"id":20,"date":"2022-04-20T17:24:34","date_gmt":"2022-04-20T17:24:34","guid":{"rendered":"https:\/\/www.mail-l.de\/wordpress\/?page_id=20"},"modified":"2026-01-18T18:50:25","modified_gmt":"2026-01-18T18:50:25","slug":"startseite","status":"publish","type":"page","link":"https:\/\/mv-papenburg.de\/","title":{"rendered":"Startseite"},"content":{"rendered":"<p>Willkommen auf der Website des Musikvereins Papenburg von 1996 e.V.<br \/>\nWir laden Dich herzlich ein, \u00fcber diesen Weg an unserem Vereinsleben teilzuhaben.<\/p>\n<hr \/>\n<p><img loading=\"lazy\" decoding=\"async\" class=\"alignnone size-large wp-image-27445\" src=\"https:\/\/mv-papenburg.de\/wp-content\/uploads\/2026\/01\/Poster_Wir-suchen-Dich-725x1024.png\" alt=\"\" width=\"525\" height=\"742\" srcset=\"https:\/\/mv-papenburg.de\/wp-content\/uploads\/2026\/01\/Poster_Wir-suchen-Dich-725x1024.png 725w, https:\/\/mv-papenburg.de\/wp-content\/uploads\/2026\/01\/Poster_Wir-suchen-Dich-212x300.png 212w, https:\/\/mv-papenburg.de\/wp-content\/uploads\/2026\/01\/Poster_Wir-suchen-Dich-768x1085.png 768w, https:\/\/mv-papenburg.de\/wp-content\/uploads\/2026\/01\/Poster_Wir-suchen-Dich-1087x1536.png 1087w, https:\/\/mv-papenburg.de\/wp-content\/uploads\/2026\/01\/Poster_Wir-suchen-Dich-1449x2048.png 1449w, https:\/\/mv-papenburg.de\/wp-content\/uploads\/2026\/01\/Poster_Wir-suchen-Dich-440x622.png 440w, https:\/\/mv-papenburg.de\/wp-content\/uploads\/2026\/01\/Poster_Wir-suchen-Dich-scaled.png 1812w\" sizes=\"auto, (max-width: 525px) 100vw, 525px\" \/><\/p>\n<p>&nbsp;<\/p>\n<p>Der Musikverein Papenburg sucht laufend neue Mitglieder.<br \/>\nBesonders gefragt sind derzeit Posaunist*innen, Klarinettist*innen, Tubist*innen und Percussionist*innen, aber wir freuen uns auch \u00fcber Zuwachs in anderen Registern (z.B. Querfl\u00f6ten, Waldh\u00f6rner, Tenorh\u00f6rner etc.).<\/p>\n<p>Wir sind eine bunt gemischte Truppe aller Altersklassen, die auch abseits der B\u00fchne gerne etwas gemeinsam unternimmt. Wir organisieren z.B. Probenwochenenden, Workshops sowie allj\u00e4hrlich eine Weihnachtsfeier und einen Fr\u00fchjahrsspaziergang.<\/p>\n<p>Unser Repertoire umfasst Lieder aus den Charts, Filmmusik, Swing sowie klassische Blasmusik und den einen oder anderen Marsch.<\/p>\n","protected":false},"excerpt":{"rendered":"<p>Willkommen auf der Website des Musikvereins Papenburg von 1996 e.V. Wir laden Dich herzlich ein, \u00fcber diesen Weg an unserem Vereinsleben teilzuhaben. &nbsp; Der Musikverein Papenburg sucht laufend neue Mitglieder. Besonders gefragt sind derzeit Posaunist*innen, Klarinettist*innen, Tubist*innen und Percussionist*innen, aber wir freuen uns auch \u00fcber Zuwachs in anderen Registern (z.B. Querfl\u00f6ten, Waldh\u00f6rner, Tenorh\u00f6rner etc.). Wir &hellip; <\/p>\n<p class=\"link-more\"><a href=\"https:\/\/mv-papenburg.de\/\" class=\"more-link\"><span class=\"screen-reader-text\">\u201eStartseite\u201c<\/span> weiterlesen<\/a><\/p>\n","protected":false},"author":2,"featured_media":0,"parent":0,"menu_order":0,"comment_status":"closed","ping_status":"closed","template":"","meta":{"footnotes":""},"class_list":["post-20","page","type-page","status-publish","hentry"],"_links":{"self":[{"href":"https:\/\/mv-papenburg.de\/index.php?rest_route=\/wp\/v2\/pages\/20","targetHints":{"allow":["GET"]}}],"collection":[{"href":"https:\/\/mv-papenburg.de\/index.php?rest_route=\/wp\/v2\/pages"}],"about":[{"href":"https:\/\/mv-papenburg.de\/index.php?rest_route=\/wp\/v2\/types\/page"}],"author":[{"embeddable":true,"href":"https:\/\/mv-papenburg.de\/index.php?rest_route=\/wp\/v2\/users\/2"}],"replies":[{"embeddable":true,"href":"https:\/\/mv-papenburg.de\/index.php?rest_route=%2Fwp%2Fv2%2Fcomments&post=20"}],"version-history":[{"count":7,"href":"https:\/\/mv-papenburg.de\/index.php?rest_route=\/wp\/v2\/pages\/20\/revisions"}],"predecessor-version":[{"id":27447,"href":"https:\/\/mv-papenburg.de\/index.php?rest_route=\/wp\/v2\/pages\/20\/revisions\/27447"}],"wp:attachment":[{"href":"https:\/\/mv-papenburg.de\/index.php?rest_route=%2Fwp%2Fv2%2Fmedia&parent=20"}],"curies":[{"name":"wp","href":"https:\/\/api.w.org\/{rel}","templated":true}]}}