{"id":26869,"date":"2023-03-06T22:18:45","date_gmt":"2023-03-06T22:18:45","guid":{"rendered":"https:\/\/musikverein-papenburg.de\/?page_id=26869"},"modified":"2023-04-10T12:02:30","modified_gmt":"2023-04-10T12:02:30","slug":"blog-2","status":"publish","type":"page","link":"https:\/\/mv-papenburg.de\/?page_id=26869","title":{"rendered":"Blog"},"content":{"rendered":"<div class=\"display-posts-listing\"><div class=\"listing-item\"><a class=\"image\" href=\"https:\/\/mv-papenburg.de\/?p=27330\"><img loading=\"lazy\" decoding=\"async\" width=\"525\" height=\"295\" src=\"https:\/\/mv-papenburg.de\/wp-content\/uploads\/2025\/01\/DSC_2801-1024x576.jpg\" class=\"attachment-large size-large wp-post-image\" alt=\"\" srcset=\"https:\/\/mv-papenburg.de\/wp-content\/uploads\/2025\/01\/DSC_2801-1024x576.jpg 1024w, https:\/\/mv-papenburg.de\/wp-content\/uploads\/2025\/01\/DSC_2801-300x169.jpg 300w, https:\/\/mv-papenburg.de\/wp-content\/uploads\/2025\/01\/DSC_2801-768x432.jpg 768w, https:\/\/mv-papenburg.de\/wp-content\/uploads\/2025\/01\/DSC_2801-1536x864.jpg 1536w, https:\/\/mv-papenburg.de\/wp-content\/uploads\/2025\/01\/DSC_2801-2048x1152.jpg 2048w, https:\/\/mv-papenburg.de\/wp-content\/uploads\/2025\/01\/DSC_2801-440x248.jpg 440w\" sizes=\"auto, 100vw\" \/><\/a> <a class=\"title\" href=\"https:\/\/mv-papenburg.de\/?p=27330\">Aschendorfer Meile und Tag der Offenen T\u00fcr KJP Aschendorf<\/a> <span class=\"date\">14. September 2024<\/span> <span class=\"excerpt-dash\">-<\/span> <span class=\"excerpt\"> <span class=\"excerpt-more\"> &hellip; <p class=\"link-more\"><a href=\"https:\/\/mv-papenburg.de\/?p=27330\" class=\"more-link\"><span class=\"screen-reader-text\">\u201eAschendorfer Meile und Tag der Offenen T\u00fcr KJP Aschendorf\u201c<\/span> weiterlesen<\/a><\/p><\/span><\/span><\/div><div class=\"listing-item\"><a class=\"image\" href=\"https:\/\/mv-papenburg.de\/?p=27328\"><img loading=\"lazy\" decoding=\"async\" width=\"525\" height=\"588\" src=\"https:\/\/mv-papenburg.de\/wp-content\/uploads\/2025\/01\/WhatsApp-Bild-2024-09-01-um-17.22.41_87c6ba5a_cropped-914x1024.jpg\" class=\"attachment-large size-large wp-post-image\" alt=\"\" srcset=\"https:\/\/mv-papenburg.de\/wp-content\/uploads\/2025\/01\/WhatsApp-Bild-2024-09-01-um-17.22.41_87c6ba5a_cropped-914x1024.jpg 914w, https:\/\/mv-papenburg.de\/wp-content\/uploads\/2025\/01\/WhatsApp-Bild-2024-09-01-um-17.22.41_87c6ba5a_cropped-268x300.jpg 268w, https:\/\/mv-papenburg.de\/wp-content\/uploads\/2025\/01\/WhatsApp-Bild-2024-09-01-um-17.22.41_87c6ba5a_cropped-768x861.jpg 768w, https:\/\/mv-papenburg.de\/wp-content\/uploads\/2025\/01\/WhatsApp-Bild-2024-09-01-um-17.22.41_87c6ba5a_cropped-440x493.jpg 440w, https:\/\/mv-papenburg.de\/wp-content\/uploads\/2025\/01\/WhatsApp-Bild-2024-09-01-um-17.22.41_87c6ba5a_cropped.jpg 1043w\" sizes=\"auto, 100vw\" \/><\/a> <a class=\"title\" href=\"https:\/\/mv-papenburg.de\/?p=27328\">Tag des Offenen Hofes<\/a> <span class=\"date\">1. September 2024<\/span> <span class=\"excerpt-dash\">-<\/span> <span class=\"excerpt\"> <span class=\"excerpt-more\"> &hellip; <p class=\"link-more\"><a href=\"https:\/\/mv-papenburg.de\/?p=27328\" class=\"more-link\"><span class=\"screen-reader-text\">\u201eTag des Offenen Hofes\u201c<\/span> weiterlesen<\/a><\/p><\/span><\/span><\/div><div class=\"listing-item\"><a class=\"image\" href=\"https:\/\/mv-papenburg.de\/?p=27326\"><img loading=\"lazy\" decoding=\"async\" width=\"525\" height=\"350\" src=\"https:\/\/mv-papenburg.de\/wp-content\/uploads\/2025\/01\/DSC_2749-1024x683.jpg\" class=\"attachment-large size-large wp-post-image\" alt=\"\" srcset=\"https:\/\/mv-papenburg.de\/wp-content\/uploads\/2025\/01\/DSC_2749-1024x683.jpg 1024w, https:\/\/mv-papenburg.de\/wp-content\/uploads\/2025\/01\/DSC_2749-300x200.jpg 300w, https:\/\/mv-papenburg.de\/wp-content\/uploads\/2025\/01\/DSC_2749-768x512.jpg 768w, https:\/\/mv-papenburg.de\/wp-content\/uploads\/2025\/01\/DSC_2749-1536x1024.jpg 1536w, https:\/\/mv-papenburg.de\/wp-content\/uploads\/2025\/01\/DSC_2749-2048x1365.jpg 2048w, https:\/\/mv-papenburg.de\/wp-content\/uploads\/2025\/01\/DSC_2749-440x293.jpg 440w\" sizes=\"auto, 100vw\" \/><\/a> <a class=\"title\" href=\"https:\/\/mv-papenburg.de\/?p=27326\">Sommerfest im Lukas Heim<\/a> <span class=\"date\">25. August 2024<\/span> <span class=\"excerpt-dash\">-<\/span> <span class=\"excerpt\"> <span class=\"excerpt-more\"> &hellip; <p class=\"link-more\"><a href=\"https:\/\/mv-papenburg.de\/?p=27326\" class=\"more-link\"><span class=\"screen-reader-text\">\u201eSommerfest im Lukas Heim\u201c<\/span> weiterlesen<\/a><\/p><\/span><\/span><\/div><div class=\"listing-item\"><a class=\"image\" href=\"https:\/\/mv-papenburg.de\/?p=27322\"><img loading=\"lazy\" decoding=\"async\" width=\"525\" height=\"525\" src=\"https:\/\/mv-papenburg.de\/wp-content\/uploads\/2024\/06\/Design-1024x1024.png\" class=\"attachment-large size-large wp-post-image\" alt=\"\" srcset=\"https:\/\/mv-papenburg.de\/wp-content\/uploads\/2024\/06\/Design-1024x1024.png 1024w, https:\/\/mv-papenburg.de\/wp-content\/uploads\/2024\/06\/Design-300x300.png 300w, https:\/\/mv-papenburg.de\/wp-content\/uploads\/2024\/06\/Design-150x150.png 150w, https:\/\/mv-papenburg.de\/wp-content\/uploads\/2024\/06\/Design-768x768.png 768w, https:\/\/mv-papenburg.de\/wp-content\/uploads\/2024\/06\/Design-92x92.png 92w, https:\/\/mv-papenburg.de\/wp-content\/uploads\/2024\/06\/Design-440x440.png 440w, https:\/\/mv-papenburg.de\/wp-content\/uploads\/2024\/06\/Design-100x100.png 100w, https:\/\/mv-papenburg.de\/wp-content\/uploads\/2024\/06\/Design.png 1080w\" sizes=\"auto, 100vw\" \/><\/a> <a class=\"title\" href=\"https:\/\/mv-papenburg.de\/?p=27322\">Auftritt Pfarrfest St. Antonius<\/a> <span class=\"date\">16. Juni 2024<\/span> <span class=\"excerpt-dash\">-<\/span> <span class=\"excerpt\"> <span class=\"excerpt-more\"> &hellip; <p class=\"link-more\"><a href=\"https:\/\/mv-papenburg.de\/?p=27322\" class=\"more-link\"><span class=\"screen-reader-text\">\u201eAuftritt Pfarrfest St. Antonius\u201c<\/span> weiterlesen<\/a><\/p><\/span><\/span><\/div><div class=\"listing-item\"><a class=\"image\" href=\"https:\/\/mv-papenburg.de\/?p=27305\"><img loading=\"lazy\" decoding=\"async\" width=\"525\" height=\"295\" src=\"https:\/\/mv-papenburg.de\/wp-content\/uploads\/2024\/05\/439734833_737209165267856_5951899840864534957_n-1024x576.jpg\" class=\"attachment-large size-large wp-post-image\" alt=\"\" srcset=\"https:\/\/mv-papenburg.de\/wp-content\/uploads\/2024\/05\/439734833_737209165267856_5951899840864534957_n-1024x576.jpg 1024w, https:\/\/mv-papenburg.de\/wp-content\/uploads\/2024\/05\/439734833_737209165267856_5951899840864534957_n-300x169.jpg 300w, https:\/\/mv-papenburg.de\/wp-content\/uploads\/2024\/05\/439734833_737209165267856_5951899840864534957_n-768x432.jpg 768w, https:\/\/mv-papenburg.de\/wp-content\/uploads\/2024\/05\/439734833_737209165267856_5951899840864534957_n-1536x864.jpg 1536w, https:\/\/mv-papenburg.de\/wp-content\/uploads\/2024\/05\/439734833_737209165267856_5951899840864534957_n-440x248.jpg 440w, https:\/\/mv-papenburg.de\/wp-content\/uploads\/2024\/05\/439734833_737209165267856_5951899840864534957_n.jpg 1920w\" sizes=\"auto, 100vw\" \/><\/a> <a class=\"title\" href=\"https:\/\/mv-papenburg.de\/?p=27305\">Papenburger Meile<\/a> <span class=\"date\">11. Mai 2024<\/span> <span class=\"excerpt-dash\">-<\/span> <span class=\"excerpt\">Auf der #moin Meile am 11. Mai hatten gleich zwei neugegr\u00fcndete Ensembles des Musikverein Papenburg ihren ersten Auftritt vor gr\u00f6\u00dferem Publikum. Die \u201eSaxob\u00f6hnchen\u201c, die sich w\u00e4hrend der Corona-Pandemie bei nur eigeschr\u00e4nkt m\u00f6glichen Registerproben zusammengefunden haben, begeisterten mit einem lebhaften Programm&hellip; <span class=\"excerpt-more\"> &hellip; <p class=\"link-more\"><a href=\"https:\/\/mv-papenburg.de\/?p=27305\" class=\"more-link\"><span class=\"screen-reader-text\">\u201ePapenburger Meile\u201c<\/span> weiterlesen<\/a><\/p><\/span><\/span><\/div><\/div>\n","protected":false},"excerpt":{"rendered":"","protected":false},"author":2,"featured_media":0,"parent":0,"menu_order":0,"comment_status":"closed","ping_status":"closed","template":"","meta":{"footnotes":""},"class_list":["post-26869","page","type-page","status-publish","hentry"],"_links":{"self":[{"href":"https:\/\/mv-papenburg.de\/index.php?rest_route=\/wp\/v2\/pages\/26869","targetHints":{"allow":["GET"]}}],"collection":[{"href":"https:\/\/mv-papenburg.de\/index.php?rest_route=\/wp\/v2\/pages"}],"about":[{"href":"https:\/\/mv-papenburg.de\/index.php?rest_route=\/wp\/v2\/types\/page"}],"author":[{"embeddable":true,"href":"https:\/\/mv-papenburg.de\/index.php?rest_route=\/wp\/v2\/users\/2"}],"replies":[{"embeddable":true,"href":"https:\/\/mv-papenburg.de\/index.php?rest_route=%2Fwp%2Fv2%2Fcomments&post=26869"}],"version-history":[{"count":18,"href":"https:\/\/mv-papenburg.de\/index.php?rest_route=\/wp\/v2\/pages\/26869\/revisions"}],"predecessor-version":[{"id":26989,"href":"https:\/\/mv-papenburg.de\/index.php?rest_route=\/wp\/v2\/pages\/26869\/revisions\/26989"}],"wp:attachment":[{"href":"https:\/\/mv-papenburg.de\/index.php?rest_route=%2Fwp%2Fv2%2Fmedia&parent=26869"}],"curies":[{"name":"wp","href":"https:\/\/api.w.org\/{rel}","templated":true}]}}